{"id":425,"date":"2020-09-11T18:03:17","date_gmt":"2020-09-11T16:03:17","guid":{"rendered":"https:\/\/www.bee-ehighway.de\/impressum\/"},"modified":"2023-03-09T11:51:52","modified_gmt":"2023-03-09T10:51:52","slug":"imprint","status":"publish","type":"page","link":"https:\/\/www.bee-ehighway.de\/en\/imprint\/","title":{"rendered":"Imprint"},"content":{"rendered":"<div class='flex_column av-1cxic-a1919c92b0a4477795d6522704731fd5 av_three_fifth  avia-builder-el-0  el_before_av_two_fifth  avia-builder-el-first  first flex_column_div '     ><p>\n<style type=\"text\/css\" data-created_by=\"avia_inline_auto\" id=\"style-css-av-l7r8vj6u-a5b10f70f3c5546a12ca81e6e52e9d8d\">\n#top .av-special-heading.av-l7r8vj6u-a5b10f70f3c5546a12ca81e6e52e9d8d{\npadding-bottom:10px;\n}\nbody .av-special-heading.av-l7r8vj6u-a5b10f70f3c5546a12ca81e6e52e9d8d .av-special-heading-tag .heading-char{\nfont-size:25px;\n}\n.av-special-heading.av-l7r8vj6u-a5b10f70f3c5546a12ca81e6e52e9d8d .av-subheading{\nfont-size:15px;\n}\n<\/style>\n<div  class='av-special-heading av-l7r8vj6u-a5b10f70f3c5546a12ca81e6e52e9d8d av-special-heading-h1 blockquote modern-quote  avia-builder-el-1  el_before_av_textblock  avia-builder-el-first '><h1 class='av-special-heading-tag'  itemprop=\"headline\"  >Imprint<\/h1><div class=\"special-heading-border\"><div class=\"special-heading-inner-border\"><\/div><\/div><\/div><br \/>\n<section  class='av_textblock_section av-kuscv11o-be5a67adab26e9bb52eb6c886c8f7dbf'  itemscope=\"itemscope\" itemtype=\"https:\/\/schema.org\/CreativeWork\" ><div class='avia_textblock'  itemprop=\"text\" ><h3>Funding provider<\/h3>\n<p>This project (BEE) is funded by the Federal Ministry for Economic Affairs and Climate Protection (BMWK); formerly the Federal Ministry for<br \/>\nEconomic Affairs and Energy (BMWi) under FKZ 16EM5003-1.<\/p>\n<h3>Publisher<\/h3>\n<p>Published on behalf of the Rector of RWTH Aachen University.<\/p>\n<p>RWTH Aachen University<br \/>\nTemplergraben 55<br \/>\n52062 Aachen (street address)<br \/>\n52056 Aachen (mailing address)<\/p>\n<p>Phone: +49 241 80 1<br \/>\nFax: +49 241 80 92312<br \/>\nEmail: impressum@rwth-aachen.de<\/p>\n<p>RWTH Aachen University is a public institution represented by the Rector, Univ.-Prof. Dr. rer. nat. Dr. h.c. mult. Ulrich R\u00fcdiger.<\/p>\n<h3>Regulatory Authority<\/h3>\n<p>The Ministry of Culture and Science of the Federal State of North Rhine-Westphalia, V\u00f6lklinger Stra\u00dfe 49, 40221 D\u00fcsseldorf.<\/p>\n<h3>Content Liability<\/h3>\n<p>The respective creators of the individual pages are responsible for the correctness and topicality of the contents. The web pages of ika are<br \/>\ndesigned, posted and updated by the web editors under the coordination of the webmaster and under the direction of the PR\/Media department.<\/p>\n<p>Webmaster:<br \/>\nE-Mail: webmaster@ika.rwth-aachen.de<\/p>\n<p>Responsible for all other content:<br \/>\nBrita McClay<br \/>\nWeb Coordinator<br \/>\nRWTH Aachen University<br \/>\nPhone: +49 241 80 97220<br \/>\nEmail: Brita.McClay@zhv.rwth-aachen.de<\/p>\n<p>Email Web Editorial Office: zentralredaktion@zhv.rwth-aachen.de<\/p>\n<p>The web content of this project website, the central administration facilities, group representatives, institutes, chairs, and research areas are<br \/>\ncoordinated independently under the direction of appointed web coordinators and webmasters. Information for questions on liability can be found in<br \/>\nthe <a href=\"https:\/\/www.rwth-aachen.de\/go\/id\/cesv\/lidx\/1\/\">Privacy Policy<\/a>.<\/p>\n<\/div><\/section><\/p><\/div><div class='flex_column av-1gwpw-1850e2bcb08c8f4bf56c56f67ca46945 av_two_fifth  avia-builder-el-3  el_after_av_three_fifth  el_before_av_hr  flex_column_div '     ><\/div><\/p>\n\n<style type=\"text\/css\" data-created_by=\"avia_inline_auto\" id=\"style-css-av-l7r8wgqe-1f6a0ec99ea327c1ebe088c27f6529d1\">\n#top .hr.hr-invisible.av-l7r8wgqe-1f6a0ec99ea327c1ebe088c27f6529d1{\nheight:100px;\n}\n<\/style>\n<div  class='hr av-l7r8wgqe-1f6a0ec99ea327c1ebe088c27f6529d1 hr-invisible  avia-builder-el-4  el_after_av_two_fifth  el_before_av_one_third '><span class='hr-inner '><span class=\"hr-inner-style\"><\/span><\/span><\/div>\n<div class='flex_column av-xgpw-b9995593abb075403f51b09d19e497f5 av_one_third  avia-builder-el-5  el_after_av_hr  el_before_av_two_third  first flex_column_div '     ><p>\n<style type=\"text\/css\" data-created_by=\"avia_inline_auto\" id=\"style-css-av-kuscvtg8-59fe66ae24f69732e56f1979bab2caa1\">\n#top .av-special-heading.av-kuscvtg8-59fe66ae24f69732e56f1979bab2caa1{\npadding-bottom:10px;\n}\nbody .av-special-heading.av-kuscvtg8-59fe66ae24f69732e56f1979bab2caa1 .av-special-heading-tag .heading-char{\nfont-size:25px;\n}\n.av-special-heading.av-kuscvtg8-59fe66ae24f69732e56f1979bab2caa1 .av-subheading{\nfont-size:15px;\n}\n<\/style>\n<div  class='av-special-heading av-kuscvtg8-59fe66ae24f69732e56f1979bab2caa1 av-special-heading-h3 blockquote modern-quote  avia-builder-el-6  el_before_av_image  avia-builder-el-first '><h3 class='av-special-heading-tag'  itemprop=\"headline\"  >Concept, design and realisation<\/h3><div class=\"special-heading-border\"><div class=\"special-heading-inner-border\"><\/div><\/div><\/div><br \/>\n\n<style type=\"text\/css\" data-created_by=\"avia_inline_auto\" id=\"style-css-av-kusd3jnz-f742adcdc7fdacb9d7d054d6748556ea\">\n.avia-image-container.av-kusd3jnz-f742adcdc7fdacb9d7d054d6748556ea img.avia_image{\nbox-shadow:none;\n}\n.avia-image-container.av-kusd3jnz-f742adcdc7fdacb9d7d054d6748556ea .av-image-caption-overlay-center{\ncolor:#ffffff;\n}\n<\/style>\n<div  class='avia-image-container av-kusd3jnz-f742adcdc7fdacb9d7d054d6748556ea av-styling- avia-align-left  avia-builder-el-7  el_after_av_heading  el_before_av_hr '   itemprop=\"image\" itemscope=\"itemscope\" itemtype=\"https:\/\/schema.org\/ImageObject\" ><div class=\"avia-image-container-inner\"><div class=\"avia-image-overlay-wrap\"><a href=\"https:\/\/www.aixhibit.de\" class='avia_image' ><img decoding=\"async\" class='wp-image-426 avia-img-lazy-loading-not-426 avia_image ' src=\"https:\/\/www.bee-ehighway.de\/wp-content\/uploads\/2021\/10\/aixhibit-logo-ecom-220x72-1.png\" alt='' title='AIXhibit Agentur f\u00fcr E-Commerce und Onlinemarketing'  height=\"68\" width=\"250\"  itemprop=\"thumbnailUrl\"  \/><\/a><\/div><\/div><\/div><br \/>\n\n<style type=\"text\/css\" data-created_by=\"avia_inline_auto\" id=\"style-css-av-l7r910yo-95e3449d1e8ab80ae9f308beb7d59349\">\n#top .hr.hr-invisible.av-l7r910yo-95e3449d1e8ab80ae9f308beb7d59349{\nheight:5px;\n}\n<\/style>\n<div  class='hr av-l7r910yo-95e3449d1e8ab80ae9f308beb7d59349 hr-invisible  avia-builder-el-8  el_after_av_image  el_before_av_headline_rotator '><span class='hr-inner '><span class=\"hr-inner-style\"><\/span><\/span><\/div><br \/>\n\n<style type=\"text\/css\" data-created_by=\"avia_inline_auto\" id=\"style-css-av-kuscwv60-6ba8391af8982c6bf5287a0aebe66eb8\">\n#top .av-rotator-container.av-kuscwv60-6ba8391af8982c6bf5287a0aebe66eb8{\ntext-align:left;\n}\n<\/style>\n\n<style type=\"text\/css\" data-created_by=\"avia_inline_auto\" id=\"style-css-sub-av-kuscwv60-6ba8391af8982c6bf5287a0aebe66eb8\">\n#top .av-rotator-container .av-rotator-text-single.av-kuscxitw-2027e09be527d6da33f21ef8ce4f1aa1{\ncolor:#4183bb;\n}\n#top .av-rotator-container .av-rotator-text-single.av-kuscxitw-12-bebcdfbdcb37a056db4e43f5f1d7d481{\ncolor:#4183bb;\n}\n#top .av-rotator-container .av-rotator-text-single.av-kuscxitw-11-adf99bd6b51e5c9b7a74553974bab062{\ncolor:#4183bb;\n}\n#top .av-rotator-container .av-rotator-text-single.av-kuscxitw-10-bb02b54e340f9bbdcf09b737bc6e2a64{\ncolor:#4183bb;\n}\n#top .av-rotator-container .av-rotator-text-single.av-kuscxitw-9-4b24efd022cb581b9d82c6b5481183f1{\ncolor:#4183bb;\n}\n#top .av-rotator-container .av-rotator-text-single.av-kuscxitw-8-9492c1ff2962090a732ec00af197dcec{\ncolor:#4183bb;\n}\n#top .av-rotator-container .av-rotator-text-single.av-kuscxitw-7-8b3b35374e364ccfaa705d5dcd365b4a{\ncolor:#4183bb;\n}\n#top .av-rotator-container .av-rotator-text-single.av-kuscxitw-6-e892dc9c98114a88fc4747fcbf84c336{\ncolor:#4183bb;\n}\n#top .av-rotator-container .av-rotator-text-single.av-kuscxitw-5-ea8bf7be6a9f0710602462705be070e9{\ncolor:#4183bb;\n}\n#top .av-rotator-container .av-rotator-text-single.av-kuscxitw-4-f2d370e8e91ce314bd3a9ec69b5bdd1a{\ncolor:#4183bb;\n}\n#top .av-rotator-container .av-rotator-text-single.av-kuscxitw-3-46f37daa0f44fd2113dd0ceb8b3326fe{\ncolor:#4183bb;\n}\n#top .av-rotator-container .av-rotator-text-single.av-kuscxitw-2-3ff1e564e277c96c47909054ca249d18{\ncolor:#4183bb;\n}\n#top .av-rotator-container .av-rotator-text-single.av-kuscxitw-1-87f081d70c21b2a91dc27d7449572e87{\ncolor:#4183bb;\n}\n<\/style>\n<div  class='av-rotator-container av-rotation-container-left av-kuscwv60-6ba8391af8982c6bf5287a0aebe66eb8  avia-builder-el-9  el_after_av_hr  avia-builder-el-last  av-typewriter' data-interval='3' data-animation='typewriter'><p class='av-rotator-container-inner'>We do<span class='av-rotator-text av-rotator-multiline-off'>\n<span class='av-rotator-text-single av-kuscxitw-2027e09be527d6da33f21ef8ce4f1aa1 av-rotator-text-single-1'>Websites<\/span>\n<span class='av-rotator-text-single av-kuscxitw-12-bebcdfbdcb37a056db4e43f5f1d7d481 av-rotator-text-single-2'>Onlineshops<\/span>\n<span class='av-rotator-text-single av-kuscxitw-11-adf99bd6b51e5c9b7a74553974bab062 av-rotator-text-single-3'>Web and graphic design<\/span>\n<span class='av-rotator-text-single av-kuscxitw-10-bb02b54e340f9bbdcf09b737bc6e2a64 av-rotator-text-single-4'>Onlinemarketing<\/span>\n<span class='av-rotator-text-single av-kuscxitw-9-4b24efd022cb581b9d82c6b5481183f1 av-rotator-text-single-5'>Google Ads<\/span>\n<span class='av-rotator-text-single av-kuscxitw-8-9492c1ff2962090a732ec00af197dcec av-rotator-text-single-6'>Newsletter marketing<\/span>\n<span class='av-rotator-text-single av-kuscxitw-7-8b3b35374e364ccfaa705d5dcd365b4a av-rotator-text-single-7'>LinkedIn-Marketing<\/span>\n<span class='av-rotator-text-single av-kuscxitw-6-e892dc9c98114a88fc4747fcbf84c336 av-rotator-text-single-8'>Bing Ads<\/span>\n<span class='av-rotator-text-single av-kuscxitw-5-ea8bf7be6a9f0710602462705be070e9 av-rotator-text-single-9'>Search engine optimisation<\/span>\n<span class='av-rotator-text-single av-kuscxitw-4-f2d370e8e91ce314bd3a9ec69b5bdd1a av-rotator-text-single-10'>Online positioning<\/span>\n<span class='av-rotator-text-single av-kuscxitw-3-46f37daa0f44fd2113dd0ceb8b3326fe av-rotator-text-single-11'>Strategy consulting<\/span>\n<span class='av-rotator-text-single av-kuscxitw-2-3ff1e564e277c96c47909054ca249d18 av-rotator-text-single-12'>Funding projects<\/span>\n<span class='av-rotator-text-single av-kuscxitw-1-87f081d70c21b2a91dc27d7449572e87 av-rotator-text-single-13'>and much more...<\/span>\n<\/span><\/p><\/div><\/p><\/div>\n<div class='flex_column av-ybi8-65f51090014cb07fd0d032113785ca52 av_two_third  avia-builder-el-10  el_after_av_one_third  avia-builder-el-last  flex_column_div '     ><\/div>\n","protected":false},"excerpt":{"rendered":"","protected":false},"author":1,"featured_media":0,"parent":0,"menu_order":100,"comment_status":"closed","ping_status":"closed","template":"","meta":{"inline_featured_image":false,"footnotes":""},"class_list":["post-425","page","type-page","status-publish","hentry"],"yoast_head":"<!-- This site is optimized with the Yoast SEO plugin v27.3 - https:\/\/yoast.com\/product\/yoast-seo-wordpress\/ -->\n<title>Imprint - BEV Goes eHighway<\/title>\n<meta name=\"robots\" content=\"index, follow, max-snippet:-1, max-image-preview:large, max-video-preview:-1\" \/>\n<link rel=\"canonical\" href=\"https:\/\/www.bee-ehighway.de\/impressum\/\" \/>\n<meta property=\"og:locale\" content=\"en_US\" \/>\n<meta property=\"og:type\" content=\"article\" \/>\n<meta property=\"og:title\" content=\"Imprint - BEV Goes eHighway\" \/>\n<meta property=\"og:url\" content=\"https:\/\/www.bee-ehighway.de\/impressum\/\" \/>\n<meta property=\"og:site_name\" content=\"BEV Goes eHighway\" \/>\n<meta property=\"article:modified_time\" content=\"2023-03-09T10:51:52+00:00\" \/>\n<meta name=\"twitter:card\" content=\"summary_large_image\" \/>\n<meta name=\"twitter:label1\" content=\"Est. reading time\" \/>\n\t<meta name=\"twitter:data1\" content=\"13 minutes\" \/>\n<script type=\"application\/ld+json\" class=\"yoast-schema-graph\">{\"@context\":\"https:\\\/\\\/schema.org\",\"@graph\":[{\"@type\":\"WebPage\",\"@id\":\"https:\\\/\\\/www.bee-ehighway.de\\\/impressum\\\/\",\"url\":\"https:\\\/\\\/www.bee-ehighway.de\\\/impressum\\\/\",\"name\":\"Imprint - BEV Goes eHighway\",\"isPartOf\":{\"@id\":\"https:\\\/\\\/www.bee-ehighway.de\\\/#website\"},\"datePublished\":\"2020-09-11T16:03:17+00:00\",\"dateModified\":\"2023-03-09T10:51:52+00:00\",\"breadcrumb\":{\"@id\":\"https:\\\/\\\/www.bee-ehighway.de\\\/impressum\\\/#breadcrumb\"},\"inLanguage\":\"en-US\",\"potentialAction\":[{\"@type\":\"ReadAction\",\"target\":[\"https:\\\/\\\/www.bee-ehighway.de\\\/impressum\\\/\"]}]},{\"@type\":\"BreadcrumbList\",\"@id\":\"https:\\\/\\\/www.bee-ehighway.de\\\/impressum\\\/#breadcrumb\",\"itemListElement\":[{\"@type\":\"ListItem\",\"position\":1,\"name\":\"Startseite\",\"item\":\"https:\\\/\\\/www.bee-ehighway.de\\\/en\\\/startseite\\\/\"},{\"@type\":\"ListItem\",\"position\":2,\"name\":\"Imprint\"}]},{\"@type\":\"WebSite\",\"@id\":\"https:\\\/\\\/www.bee-ehighway.de\\\/#website\",\"url\":\"https:\\\/\\\/www.bee-ehighway.de\\\/\",\"name\":\"BEV Goes eHighway\",\"description\":\"Forschungsprojekt Oberleitungstechnologie f\u00fcr den Schwerlaststra\u00dfenverkehr\",\"potentialAction\":[{\"@type\":\"SearchAction\",\"target\":{\"@type\":\"EntryPoint\",\"urlTemplate\":\"https:\\\/\\\/www.bee-ehighway.de\\\/?s={search_term_string}\"},\"query-input\":{\"@type\":\"PropertyValueSpecification\",\"valueRequired\":true,\"valueName\":\"search_term_string\"}}],\"inLanguage\":\"en-US\"}]}<\/script>\n<!-- \/ Yoast SEO plugin. -->","yoast_head_json":{"title":"Imprint - BEV Goes eHighway","robots":{"index":"index","follow":"follow","max-snippet":"max-snippet:-1","max-image-preview":"max-image-preview:large","max-video-preview":"max-video-preview:-1"},"canonical":"https:\/\/www.bee-ehighway.de\/impressum\/","og_locale":"en_US","og_type":"article","og_title":"Imprint - BEV Goes eHighway","og_url":"https:\/\/www.bee-ehighway.de\/impressum\/","og_site_name":"BEV Goes eHighway","article_modified_time":"2023-03-09T10:51:52+00:00","twitter_card":"summary_large_image","twitter_misc":{"Est. reading time":"13 minutes"},"schema":{"@context":"https:\/\/schema.org","@graph":[{"@type":"WebPage","@id":"https:\/\/www.bee-ehighway.de\/impressum\/","url":"https:\/\/www.bee-ehighway.de\/impressum\/","name":"Imprint - BEV Goes eHighway","isPartOf":{"@id":"https:\/\/www.bee-ehighway.de\/#website"},"datePublished":"2020-09-11T16:03:17+00:00","dateModified":"2023-03-09T10:51:52+00:00","breadcrumb":{"@id":"https:\/\/www.bee-ehighway.de\/impressum\/#breadcrumb"},"inLanguage":"en-US","potentialAction":[{"@type":"ReadAction","target":["https:\/\/www.bee-ehighway.de\/impressum\/"]}]},{"@type":"BreadcrumbList","@id":"https:\/\/www.bee-ehighway.de\/impressum\/#breadcrumb","itemListElement":[{"@type":"ListItem","position":1,"name":"Startseite","item":"https:\/\/www.bee-ehighway.de\/en\/startseite\/"},{"@type":"ListItem","position":2,"name":"Imprint"}]},{"@type":"WebSite","@id":"https:\/\/www.bee-ehighway.de\/#website","url":"https:\/\/www.bee-ehighway.de\/","name":"BEV Goes eHighway","description":"Forschungsprojekt Oberleitungstechnologie f\u00fcr den Schwerlaststra\u00dfenverkehr","potentialAction":[{"@type":"SearchAction","target":{"@type":"EntryPoint","urlTemplate":"https:\/\/www.bee-ehighway.de\/?s={search_term_string}"},"query-input":{"@type":"PropertyValueSpecification","valueRequired":true,"valueName":"search_term_string"}}],"inLanguage":"en-US"}]}},"_links":{"self":[{"href":"https:\/\/www.bee-ehighway.de\/en\/wp-json\/wp\/v2\/pages\/425","targetHints":{"allow":["GET"]}}],"collection":[{"href":"https:\/\/www.bee-ehighway.de\/en\/wp-json\/wp\/v2\/pages"}],"about":[{"href":"https:\/\/www.bee-ehighway.de\/en\/wp-json\/wp\/v2\/types\/page"}],"author":[{"embeddable":true,"href":"https:\/\/www.bee-ehighway.de\/en\/wp-json\/wp\/v2\/users\/1"}],"replies":[{"embeddable":true,"href":"https:\/\/www.bee-ehighway.de\/en\/wp-json\/wp\/v2\/comments?post=425"}],"version-history":[{"count":5,"href":"https:\/\/www.bee-ehighway.de\/en\/wp-json\/wp\/v2\/pages\/425\/revisions"}],"predecessor-version":[{"id":504,"href":"https:\/\/www.bee-ehighway.de\/en\/wp-json\/wp\/v2\/pages\/425\/revisions\/504"}],"wp:attachment":[{"href":"https:\/\/www.bee-ehighway.de\/en\/wp-json\/wp\/v2\/media?parent=425"}],"curies":[{"name":"wp","href":"https:\/\/api.w.org\/{rel}","templated":true}]}}